{"id":68,"date":"2017-12-06T17:11:13","date_gmt":"2017-12-06T17:11:13","guid":{"rendered":"http:\/\/www.encontroalumni.uevora.pt\/?page_id=68"},"modified":"2025-04-02T10:42:36","modified_gmt":"2025-04-02T10:42:36","slug":"contactos","status":"publish","type":"page","link":"https:\/\/www.encontroalumni.uevora.pt\/2025\/contactos\/","title":{"rendered":"Contactos"},"content":{"rendered":"<p><strong>Programa Alumni<\/strong><\/p>\n<p>O Programa Alumni, integrado nos Servi\u00e7os da Reitoria da Universidade de \u00c9vora, tem como miss\u00e3o coordenar e exercer compet\u00eancias especificas no \u00e2mbito de projetos e a\u00e7\u00f5es que visem a atualiza\u00e7\u00e3o da base de dados dos alumni, o desenvolvimento de iniciativas para os alumni, a presta\u00e7\u00e3o de apoio e acompanhamento no \u201cpercurso de vida\u201d dos alumni, e a divulga\u00e7\u00e3o dos seus projetos.<\/p>\n<table>\n<tbody>\n<tr>\n<td width=\"50%\">\n<div class=\"label\"><strong>Email:<\/strong><\/div>\n<div class=\"valor\"><a href=\"mailto:alumni@uevora.pt\">alumni@uevora.pt<\/a><\/div>\n<div class=\"label\"><strong>Telefone:<\/strong><\/div>\n<div class=\"valor\">+351 266 740 800 | Extens\u00e3o: 56304<\/div>\n<div><strong>Whatsapp: <\/strong>936570149<br \/><br \/><\/div>\n<div><a href=\"https:\/\/www.uevora.pt\/viver\/Comunidade\/alumni\">Portal Alumni<\/a><\/div>\n<div><a href=\"https:\/\/www.facebook.com\/AlumniUEvora\/\" data-rich-text-format-boundary=\"true\">Facebook<\/a><\/div>\n<div><a href=\"https:\/\/www.linkedin.com\/in\/alumni-u%C3%A9vora-301446153\/\">LinkedIn<\/a><\/div>\n<\/td>\n<td width=\"50%\">\n<div class=\"label\"><strong>Gabinete:<\/strong><\/div>\n<div class=\"valor\">Casa Cordovil &#8211; Gab. 032<\/div>\n<div>Centro Tecnol\u00f3gico Gil Eanes<\/div>\n<div class=\"label\"><strong>Localiza\u00e7\u00e3o:<\/strong><\/div>\n<div>R. Dom Augusto Eduardo Nunes, 7<\/div>\n<div>7000-651 \u00c9vora<\/div>\n<div>\u00a0<\/div>\n<\/td>\n<\/tr>\n<\/tbody>\n<\/table>\n\n\n<figure class=\"wp-block-image\"><img loading=\"lazy\" decoding=\"async\" width=\"1709\" height=\"650\" src=\"https:\/\/www.encontroalumni.uevora.pt\/wp-content\/uploads\/2024\/02\/Banner_Alumni_Proposta_Prancheta-1.png\" alt=\"\" class=\"wp-image-1364\" srcset=\"https:\/\/www.encontroalumni.uevora.pt\/2025\/wp-content\/uploads\/sites\/8\/2024\/02\/Banner_Alumni_Proposta_Prancheta-1.png 1709w, https:\/\/www.encontroalumni.uevora.pt\/2025\/wp-content\/uploads\/sites\/8\/2024\/02\/Banner_Alumni_Proposta_Prancheta-1-300x114.png 300w, https:\/\/www.encontroalumni.uevora.pt\/2025\/wp-content\/uploads\/sites\/8\/2024\/02\/Banner_Alumni_Proposta_Prancheta-1-644x245.png 644w, https:\/\/www.encontroalumni.uevora.pt\/2025\/wp-content\/uploads\/sites\/8\/2024\/02\/Banner_Alumni_Proposta_Prancheta-1-768x292.png 768w, https:\/\/www.encontroalumni.uevora.pt\/2025\/wp-content\/uploads\/sites\/8\/2024\/02\/Banner_Alumni_Proposta_Prancheta-1-1536x584.png 1536w\" sizes=\"auto, (max-width: 1709px) 100vw, 1709px\" \/><\/figure>\n\n\n\n<p><\/p>\n","protected":false},"excerpt":{"rendered":"<p>Programa Alumni O Programa Alumni, integrado nos Servi\u00e7os da Reitoria da Universidade de \u00c9vora, tem como miss\u00e3o coordenar e exercer compet\u00eancias especificas no \u00e2mbito de projetos e a\u00e7\u00f5es que visem a atualiza\u00e7\u00e3o da base de dados dos alumni, o desenvolvimento de iniciativas para os alumni, a presta\u00e7\u00e3o de apoio e acompanhamento no \u201cpercurso de vida\u201d&#8230;<\/p>\n","protected":false},"author":5,"featured_media":0,"parent":0,"menu_order":0,"comment_status":"closed","ping_status":"closed","template":"","meta":{"footnotes":""},"class_list":["post-68","page","type-page","status-publish","hentry"],"_links":{"self":[{"href":"https:\/\/www.encontroalumni.uevora.pt\/2025\/wp-json\/wp\/v2\/pages\/68","targetHints":{"allow":["GET"]}}],"collection":[{"href":"https:\/\/www.encontroalumni.uevora.pt\/2025\/wp-json\/wp\/v2\/pages"}],"about":[{"href":"https:\/\/www.encontroalumni.uevora.pt\/2025\/wp-json\/wp\/v2\/types\/page"}],"author":[{"embeddable":true,"href":"https:\/\/www.encontroalumni.uevora.pt\/2025\/wp-json\/wp\/v2\/users\/5"}],"replies":[{"embeddable":true,"href":"https:\/\/www.encontroalumni.uevora.pt\/2025\/wp-json\/wp\/v2\/comments?post=68"}],"version-history":[{"count":15,"href":"https:\/\/www.encontroalumni.uevora.pt\/2025\/wp-json\/wp\/v2\/pages\/68\/revisions"}],"predecessor-version":[{"id":1933,"href":"https:\/\/www.encontroalumni.uevora.pt\/2025\/wp-json\/wp\/v2\/pages\/68\/revisions\/1933"}],"wp:attachment":[{"href":"https:\/\/www.encontroalumni.uevora.pt\/2025\/wp-json\/wp\/v2\/media?parent=68"}],"curies":[{"name":"wp","href":"https:\/\/api.w.org\/{rel}","templated":true}]}}