{"id":50,"date":"2017-12-06T17:10:01","date_gmt":"2017-12-06T17:10:01","guid":{"rendered":"http:\/\/www.encontroalumni.uevora.pt\/?page_id=50"},"modified":"2025-06-13T15:22:59","modified_gmt":"2025-06-13T15:22:59","slug":"inscricao","status":"publish","type":"page","link":"https:\/\/www.encontroalumni.uevora.pt\/2025\/inscricao\/","title":{"rendered":"Inscri\u00e7\u00e3o"},"content":{"rendered":"\n<p><strong>Evento com Inscri\u00e7\u00e3o Obrigat\u00f3ria para todos os participantes, sejam alumni ou acompanhantes.<\/strong><\/p>\n\n\n\n<p class=\"has-text-align-left\" style=\"font-size:20px\">Existem duas modalidades de inscri\u00e7\u00e3o:<br>&#8211; Sem almo\u00e7o (com <em>Welcome Coffee<\/em> e <em>Cocktail<\/em>) &#8211; 10\u20ac por pessoa (adulto)<br>&#8211; Com almo\u00e7o &#8211; 25\u20ac por pessoa (adulto) \/ 12,50\u20ac por pessoa (dos 3 aos 12 anos) \/ Gratuito (at\u00e9 aos 2 anos)<br><br><strong>Passo a passo para realiza\u00e7\u00e3o da inscri\u00e7\u00e3o:<\/strong><\/p>\n\n\n\n<p>A processo de inscri\u00e7\u00e3o no IV Encontro Alumni realiza-se exclusivamente no <a href=\"https:\/\/sge.uevora.pt\" data-type=\"link\" data-id=\"www.sge.uevora.pt\" target=\"_blank\" rel=\"noreferrer noopener\">Sistema de Gest\u00e3o de Eventos (SGE) da U\u00c9vora<\/a>.<\/p>\n\n\n\n<p>Para tal, dever\u00e1 seguir os seguintes passos:<\/p>\n\n\n\n<ol class=\"wp-block-list\">\n<li>Realizar o registo <a href=\"https:\/\/sge.uevora.pt\/users\/register\" target=\"_blank\" rel=\"noreferrer noopener\"><strong>aqui<\/strong><\/a>.\u00a0Receber\u00e1 um e-mail na sua caixa de correio eletr\u00f3nico para finalizar o registo. Ap\u00f3s conclus\u00e3o do registo poder\u00e1 ent\u00e3o realizar a inscri\u00e7\u00e3o no evento.\u00a0<\/li>\n\n\n\n<li>Fazer <em>login<\/em> no SGE \u2013 <a href=\"https:\/\/sge.uevora.pt\/users\/login\" target=\"_blank\" rel=\"noreferrer noopener\"><strong>aqui<\/strong><\/a>, e escolher o evento \u201c<strong>IV Encontro Alumni<\/strong>\u201d.\u00a0<\/li>\n\n\n\n<li>Selecionar a op\u00e7\u00e3o \u201c<strong>inscrever<\/strong>\u201d, que se encontra no lado direito da p\u00e1gina, que abrir\u00e1 uma nova p\u00e1gina com todas as op\u00e7\u00f5es dispon\u00edveis para escolha.&nbsp;<\/li>\n\n\n\n<li>Ap\u00f3s selecionar as op\u00e7\u00f5es pretendidas prima a op\u00e7\u00e3o \u201c<strong>confirmar<\/strong>\u201d.<\/li>\n<\/ol>\n\n\n\n<p>Se for o caso, ap\u00f3s o pagamento da inscri\u00e7\u00e3o dever\u00e1 selecionar a op\u00e7\u00e3o \u201cconfirmar o pagamento\u201d onde lhe ser\u00e3o solicitados os dados para fatura\u00e7\u00e3o e o comprovativo de transfer\u00eancia.<\/p>\n\n\n\n<p>Para esclarecimentos adicionais e\/ou&nbsp;apoio&nbsp;na inscri\u00e7\u00e3o, estamos sempre dispon\u00edveis atrav\u00e9s do endere\u00e7o de e-mail <em><strong>alumni@uevora.pt<\/strong><\/em>, por telefone <strong>266 740 800<\/strong> (pedir para passar a chamada para a extens\u00e3o 56304) ou por mensagem via <em>Whatsapp <\/em>para <strong>936570149<\/strong>.<\/p>\n\n\n\n<p>SEJA U\u00c9VORA PARA A VIDA!<\/p>\n\n\n\n<hr class=\"wp-block-separator has-css-opacity\"\/>\n\n\n\n<p> <br><\/p>\n\n\n\n<p><em><strong>Consulte a Declara\u00e7\u00e3o de Privacidade e Tratamento de Dados Pessoais<\/strong> <strong>a baixo:<\/strong><\/em><\/p>\n\n\n\n<div class=\"wp-block-file\"><a href=\"https:\/\/www.encontroalumni.uevora.pt\/wp-content\/uploads\/2024\/03\/Declara\u00e7\u00e3o-de-Privacidade-e-Tratamento-de-Dados-Pessoais_Alumni.pdf\">Declara\u00e7\u00e3o-de-Privacidade-e-Tratamento-de-Dados-Pessoais_Alumni<\/a><a href=\"https:\/\/www.encontroalumni.uevora.pt\/wp-content\/uploads\/2024\/03\/Declara\u00e7\u00e3o-de-Privacidade-e-Tratamento-de-Dados-Pessoais_Alumni.pdf\" class=\"wp-block-file__button wp-element-button\" download>Descarregar<\/a><\/div>\n\n\n\n<p style=\"font-size:14px\">Nota: No decorrer do evento ser\u00e1 realizado registo fotogr\u00e1fico e v\u00eddeo. Caso n\u00e3o consinta estas pr\u00e1ticas dever\u00e1 informar previamente a organiza\u00e7\u00e3o.<\/p>\n","protected":false},"excerpt":{"rendered":"<p>Evento com Inscri\u00e7\u00e3o Obrigat\u00f3ria para todos os participantes, sejam alumni ou acompanhantes. Existem duas modalidades de inscri\u00e7\u00e3o:&#8211; Sem almo\u00e7o (com Welcome Coffee e Cocktail) &#8211; 10\u20ac por pessoa (adulto)&#8211; Com almo\u00e7o &#8211; 25\u20ac por pessoa (adulto) \/ 12,50\u20ac por pessoa (dos 3 aos 12 anos) \/ Gratuito (at\u00e9 aos 2 anos) Passo a passo para&#8230;<\/p>\n","protected":false},"author":5,"featured_media":0,"parent":0,"menu_order":0,"comment_status":"closed","ping_status":"closed","template":"","meta":{"footnotes":""},"class_list":["post-50","page","type-page","status-publish","hentry"],"_links":{"self":[{"href":"https:\/\/www.encontroalumni.uevora.pt\/2025\/wp-json\/wp\/v2\/pages\/50","targetHints":{"allow":["GET"]}}],"collection":[{"href":"https:\/\/www.encontroalumni.uevora.pt\/2025\/wp-json\/wp\/v2\/pages"}],"about":[{"href":"https:\/\/www.encontroalumni.uevora.pt\/2025\/wp-json\/wp\/v2\/types\/page"}],"author":[{"embeddable":true,"href":"https:\/\/www.encontroalumni.uevora.pt\/2025\/wp-json\/wp\/v2\/users\/5"}],"replies":[{"embeddable":true,"href":"https:\/\/www.encontroalumni.uevora.pt\/2025\/wp-json\/wp\/v2\/comments?post=50"}],"version-history":[{"count":33,"href":"https:\/\/www.encontroalumni.uevora.pt\/2025\/wp-json\/wp\/v2\/pages\/50\/revisions"}],"predecessor-version":[{"id":1981,"href":"https:\/\/www.encontroalumni.uevora.pt\/2025\/wp-json\/wp\/v2\/pages\/50\/revisions\/1981"}],"wp:attachment":[{"href":"https:\/\/www.encontroalumni.uevora.pt\/2025\/wp-json\/wp\/v2\/media?parent=50"}],"curies":[{"name":"wp","href":"https:\/\/api.w.org\/{rel}","templated":true}]}}