{"id":8,"date":"2017-12-06T16:53:56","date_gmt":"2017-12-06T16:53:56","guid":{"rendered":"http:\/\/www.encontroalumni.uevora.pt\/?page_id=2"},"modified":"2019-04-01T10:48:49","modified_gmt":"2019-04-01T10:48:49","slug":"pagina-exemplo","status":"publish","type":"page","link":"https:\/\/www.encontroalumni.uevora.pt\/2019\/","title":{"rendered":"Encontro"},"content":{"rendered":"<p style=\"text-align: center\">No I Encontro Alumni, em 2018, cerca de 300 participantes compartilharam um memor\u00e1vel reencontro entre colegas.<\/p>\n<p><img loading=\"lazy\" decoding=\"async\" class=\"alignnone size-full wp-image-882\" src=\"http:\/\/www.encontroalumni.uevora.pt\/wp-content\/uploads\/sites\/6\/2019\/04\/Entrada.png\" alt=\"\" width=\"1220\" height=\"400\" srcset=\"https:\/\/www.encontroalumni.uevora.pt\/2019\/wp-content\/uploads\/sites\/6\/2019\/04\/Entrada.png 1220w, https:\/\/www.encontroalumni.uevora.pt\/2019\/wp-content\/uploads\/sites\/6\/2019\/04\/Entrada-300x98.png 300w, https:\/\/www.encontroalumni.uevora.pt\/2019\/wp-content\/uploads\/sites\/6\/2019\/04\/Entrada-768x252.png 768w, https:\/\/www.encontroalumni.uevora.pt\/2019\/wp-content\/uploads\/sites\/6\/2019\/04\/Entrada-644x211.png 644w\" sizes=\"auto, (max-width: 1220px) 100vw, 1220px\" \/><\/p>\n<p style=\"text-align: center\">Os alumni constituem um capital humano imensur\u00e1vel. \u00c9 convosco que pretendemos <strong>dinamizar uma estrat\u00e9gia de transfer\u00eancia de conhecimento, de cria\u00e7\u00e3o de emprego qualificado e principalmente de interliga\u00e7\u00e3o e coopera\u00e7\u00e3o.<\/strong><\/p>\n<p style=\"text-align: center\">Com a vossa colabora\u00e7\u00e3o podemos construir uma universidade mais <strong>empreendedora, transferir conhecimento e inova\u00e7\u00e3o, promover a liga\u00e7\u00e3o da investiga\u00e7\u00e3o ao ensino, desenvolver uma cultura de qualidade e atingir a excel\u00eancia.<\/strong><\/p>\n<p style=\"text-align: center\">Dia 25 de maio ser\u00e1 mais um dia de confraterniza\u00e7\u00e3o entre a fam\u00edlia U\u00c9vora. Contamos convosco!<\/p>\n<p>&nbsp;<\/p>\n","protected":false},"excerpt":{"rendered":"<p>No I Encontro Alumni, em 2018, cerca de 300 participantes compartilharam um memor\u00e1vel reencontro entre colegas. Os alumni constituem um capital humano imensur\u00e1vel. \u00c9 convosco que pretendemos dinamizar uma estrat\u00e9gia de transfer\u00eancia de conhecimento, de cria\u00e7\u00e3o de emprego qualificado e principalmente de interliga\u00e7\u00e3o e coopera\u00e7\u00e3o. Com a vossa colabora\u00e7\u00e3o podemos construir uma universidade mais empreendedora,&#8230;<\/p>\n","protected":false},"author":5,"featured_media":0,"parent":0,"menu_order":0,"comment_status":"closed","ping_status":"open","template":"","meta":{"footnotes":""},"class_list":["post-8","page","type-page","status-publish","hentry"],"_links":{"self":[{"href":"https:\/\/www.encontroalumni.uevora.pt\/2019\/wp-json\/wp\/v2\/pages\/8","targetHints":{"allow":["GET"]}}],"collection":[{"href":"https:\/\/www.encontroalumni.uevora.pt\/2019\/wp-json\/wp\/v2\/pages"}],"about":[{"href":"https:\/\/www.encontroalumni.uevora.pt\/2019\/wp-json\/wp\/v2\/types\/page"}],"author":[{"embeddable":true,"href":"https:\/\/www.encontroalumni.uevora.pt\/2019\/wp-json\/wp\/v2\/users\/5"}],"replies":[{"embeddable":true,"href":"https:\/\/www.encontroalumni.uevora.pt\/2019\/wp-json\/wp\/v2\/comments?post=8"}],"version-history":[{"count":12,"href":"https:\/\/www.encontroalumni.uevora.pt\/2019\/wp-json\/wp\/v2\/pages\/8\/revisions"}],"predecessor-version":[{"id":888,"href":"https:\/\/www.encontroalumni.uevora.pt\/2019\/wp-json\/wp\/v2\/pages\/8\/revisions\/888"}],"wp:attachment":[{"href":"https:\/\/www.encontroalumni.uevora.pt\/2019\/wp-json\/wp\/v2\/media?parent=8"}],"curies":[{"name":"wp","href":"https:\/\/api.w.org\/{rel}","templated":true}]}}