{"id":68,"date":"2017-12-06T17:11:13","date_gmt":"2017-12-06T17:11:13","guid":{"rendered":"http:\/\/www.encontroalumni.uevora.pt\/?page_id=68"},"modified":"2019-03-22T20:30:14","modified_gmt":"2019-03-22T20:30:14","slug":"contactos","status":"publish","type":"page","link":"https:\/\/www.encontroalumni.uevora.pt\/2019\/contactos\/","title":{"rendered":"Contactos"},"content":{"rendered":"<p><strong>Programa Alumni<\/strong><\/p>\n<p>O Programa Alumni, integrado nos Servi\u00e7os da Reitoria da Universidade de \u00c9vora, tem como miss\u00e3o coordenar e exercer compet\u00eancias especificas no \u00e2mbito de projetos e a\u00e7\u00f5es que visem a atualiza\u00e7\u00e3o da base de dados dos alumni, o desenvolvimento de iniciativas para os alumni, a presta\u00e7\u00e3o de apoio e acompanhamento no \u201cpercurso de vida\u201d dos alumni, e a divulga\u00e7\u00e3o dos seus projetos.<\/p>\n<table>\n<tbody>\n<tr>\n<td width=\"50%\">\n<div class=\"label\"><strong>Email:<\/strong><\/div>\n<div class=\"valor\"><a href=\"mailto:alumni@uevora.pt\">alumni@uevora.pt<\/a><\/div>\n<div class=\"label\"><strong>Telefone:<\/strong><\/div>\n<div class=\"valor\">+351 266 740 832<\/div>\n<div class=\"label\"><strong>Fax:<\/strong><\/div>\n<div class=\"valor\">+351 266 740 806<\/div>\n<\/td>\n<td width=\"50%\">\n<div class=\"label\"><strong>Gabinete:<\/strong><\/div>\n<div class=\"valor\">CES | 23323<\/div>\n<div class=\"label\"><strong>Localiza\u00e7\u00e3o<\/strong><\/div>\n<div>latitude\/longitude: 38.569900\/-7.904500<\/div>\n<div><a href=\"http:\/\/alumni.uevora.pt\/gps.php?gps=gpx&amp;title=Portal Alumni | Universidade de \u00c9vora&amp;latitude=38.569900&amp;longitude=-7.904500&amp;filename=localizacao_gpx\">GPS eXchange (.gpx)<\/a> | <a href=\"http:\/\/alumni.uevora.pt\/gps.php?gps=xvm&amp;title=Portal Alumni | Universidade de \u00c9vora&amp;latitude=38.569900&amp;longitude=-7.904500&amp;filename=localizacao_xvm\">ViaMichelin (.xvm)<\/a><\/div>\n<\/td>\n<\/tr>\n<\/tbody>\n<\/table>\n","protected":false},"excerpt":{"rendered":"<p>Programa Alumni O Programa Alumni, integrado nos Servi\u00e7os da Reitoria da Universidade de \u00c9vora, tem como miss\u00e3o coordenar e exercer compet\u00eancias especificas no \u00e2mbito de projetos e a\u00e7\u00f5es que visem a atualiza\u00e7\u00e3o da base de dados dos alumni, o desenvolvimento de iniciativas para os alumni, a presta\u00e7\u00e3o de apoio e acompanhamento no \u201cpercurso de vida\u201d&#8230;<\/p>\n","protected":false},"author":5,"featured_media":0,"parent":0,"menu_order":0,"comment_status":"closed","ping_status":"closed","template":"","meta":{"footnotes":""},"class_list":["post-68","page","type-page","status-publish","hentry"],"_links":{"self":[{"href":"https:\/\/www.encontroalumni.uevora.pt\/2019\/wp-json\/wp\/v2\/pages\/68","targetHints":{"allow":["GET"]}}],"collection":[{"href":"https:\/\/www.encontroalumni.uevora.pt\/2019\/wp-json\/wp\/v2\/pages"}],"about":[{"href":"https:\/\/www.encontroalumni.uevora.pt\/2019\/wp-json\/wp\/v2\/types\/page"}],"author":[{"embeddable":true,"href":"https:\/\/www.encontroalumni.uevora.pt\/2019\/wp-json\/wp\/v2\/users\/5"}],"replies":[{"embeddable":true,"href":"https:\/\/www.encontroalumni.uevora.pt\/2019\/wp-json\/wp\/v2\/comments?post=68"}],"version-history":[{"count":10,"href":"https:\/\/www.encontroalumni.uevora.pt\/2019\/wp-json\/wp\/v2\/pages\/68\/revisions"}],"predecessor-version":[{"id":849,"href":"https:\/\/www.encontroalumni.uevora.pt\/2019\/wp-json\/wp\/v2\/pages\/68\/revisions\/849"}],"wp:attachment":[{"href":"https:\/\/www.encontroalumni.uevora.pt\/2019\/wp-json\/wp\/v2\/media?parent=68"}],"curies":[{"name":"wp","href":"https:\/\/api.w.org\/{rel}","templated":true}]}}