{"id":624,"date":"2018-02-17T17:05:50","date_gmt":"2018-02-17T17:05:50","guid":{"rendered":"http:\/\/www.encontroalumni.uevora.pt\/?page_id=624"},"modified":"2019-05-16T16:06:49","modified_gmt":"2019-05-16T16:06:49","slug":"cocktail-jantar","status":"publish","type":"page","link":"https:\/\/www.encontroalumni.uevora.pt\/2019\/cocktail-jantar\/","title":{"rendered":"Cocktail &amp; Jantar"},"content":{"rendered":"<p><strong>COCKTAIL<\/strong><\/p>\n<p>Mini empadinhas de galinha<\/p>\n<p>Almofadinhas de legumes<\/p>\n<p>Mini espetadas de queijo e uva<\/p>\n<p>Croissants de bacalhau e legumes<\/p>\n<p>Mini \u2013 espetadinhas de linguicinha<\/p>\n<p>\u00c1gua mineral e sumo de laranja<\/p>\n<p>Vinho branco e vinho tinto da Mitra<\/p>\n<p>Imperial<\/p>\n<p>Martini Rosso<\/p>\n<p>Moscatel<\/p>\n<p>&nbsp;<\/p>\n<p><strong>JANTAR BUFFET<\/strong><\/p>\n<p><strong>ENTRADAS<\/strong><\/p>\n<p>Vol-au-vent de cogumelos<\/p>\n<p>Vol-au-vent de queijo c\/or\u00e9g\u00e3os<\/p>\n<p>Tostinhas c\/queijo cr\u00e8me<\/p>\n<p>&nbsp;<\/p>\n<p><strong>SOPA<\/strong><\/p>\n<p>Creme de legumes aromatizado c\/coentros<\/p>\n<p>&nbsp;<\/p>\n<p><strong>PRATOS<\/strong><\/p>\n<p>Bacalhau gratinado c\/espargos verdes<\/p>\n<p>Peitinhos de frango c\/am\u00eandoa laminada acompanhado de arroz de espinafres<\/p>\n<p>Couscous c\/legumes salteados<\/p>\n<p>&nbsp;<\/p>\n<p><strong>SALADAS<\/strong><\/p>\n<p>Salada mediterr\u00e2nica<\/p>\n<p>Salada colorida<\/p>\n<p>Salada Primaveril<\/p>\n<p>&nbsp;<\/p>\n<p><strong>SOBREMESAS<\/strong><\/p>\n<p>Fruta laminada,<\/p>\n<p>Macaron variados,<\/p>\n<p>Arroz doce,<\/p>\n<p>Brownie de chocolate,<\/p>\n<p>Petit fours de c\u00f4co<\/p>\n<p>Quadradinhos de bolo de mel e azeite<\/p>\n<p>&nbsp;<\/p>\n<p><strong>BEBIDAS<\/strong><\/p>\n<p>\u00c1gua<\/p>\n<p>Sumo de laranja<\/p>\n<p>Imperial<\/p>\n<p>Vinho branco e tinto da Mitra<\/p>\n<p>Nota: Servi\u00e7o de bebidas de bar n\u00e3o est\u00e1 incluido no valor do jantar.<\/p>\n","protected":false},"excerpt":{"rendered":"<p>COCKTAIL Mini empadinhas de galinha Almofadinhas de legumes Mini espetadas de queijo e uva Croissants de bacalhau e legumes Mini \u2013 espetadinhas de linguicinha \u00c1gua mineral e sumo de laranja Vinho branco e vinho tinto da Mitra Imperial Martini Rosso Moscatel &nbsp; JANTAR BUFFET ENTRADAS Vol-au-vent de cogumelos Vol-au-vent de queijo c\/or\u00e9g\u00e3os Tostinhas c\/queijo cr\u00e8me&#8230;<\/p>\n","protected":false},"author":5,"featured_media":0,"parent":0,"menu_order":0,"comment_status":"closed","ping_status":"closed","template":"","meta":{"footnotes":""},"class_list":["post-624","page","type-page","status-publish","hentry"],"_links":{"self":[{"href":"https:\/\/www.encontroalumni.uevora.pt\/2019\/wp-json\/wp\/v2\/pages\/624","targetHints":{"allow":["GET"]}}],"collection":[{"href":"https:\/\/www.encontroalumni.uevora.pt\/2019\/wp-json\/wp\/v2\/pages"}],"about":[{"href":"https:\/\/www.encontroalumni.uevora.pt\/2019\/wp-json\/wp\/v2\/types\/page"}],"author":[{"embeddable":true,"href":"https:\/\/www.encontroalumni.uevora.pt\/2019\/wp-json\/wp\/v2\/users\/5"}],"replies":[{"embeddable":true,"href":"https:\/\/www.encontroalumni.uevora.pt\/2019\/wp-json\/wp\/v2\/comments?post=624"}],"version-history":[{"count":8,"href":"https:\/\/www.encontroalumni.uevora.pt\/2019\/wp-json\/wp\/v2\/pages\/624\/revisions"}],"predecessor-version":[{"id":1127,"href":"https:\/\/www.encontroalumni.uevora.pt\/2019\/wp-json\/wp\/v2\/pages\/624\/revisions\/1127"}],"wp:attachment":[{"href":"https:\/\/www.encontroalumni.uevora.pt\/2019\/wp-json\/wp\/v2\/media?parent=624"}],"curies":[{"name":"wp","href":"https:\/\/api.w.org\/{rel}","templated":true}]}}