{"id":188,"date":"2019-02-08T17:53:33","date_gmt":"2019-02-08T17:53:33","guid":{"rendered":"http:\/\/www.encontroalumni.uevora.pt\/2018\/?page_id=188"},"modified":"2019-02-08T20:54:04","modified_gmt":"2019-02-08T20:54:04","slug":"testemunhos","status":"publish","type":"page","link":"https:\/\/www.encontroalumni.uevora.pt\/2018\/testemunhos\/","title":{"rendered":"Testemunhos"},"content":{"rendered":"<p>&nbsp;<\/p>\n<p>&nbsp;<\/p>\n<p>&nbsp;<\/p>\n<table>\n<tbody>\n<tr>\n<td width=\"30%\"><img loading=\"lazy\" decoding=\"async\" class=\"alignnone size-full wp-image-98\" src=\"http:\/\/www.encontroalumni.uevora.pt\/2018\/wp-content\/uploads\/sites\/5\/2019\/02\/foto_Miguel_Cachao.jpg\" alt=\"\" width=\"300\" height=\"300\" srcset=\"https:\/\/www.encontroalumni.uevora.pt\/2018\/wp-content\/uploads\/sites\/5\/2019\/02\/foto_Miguel_Cachao.jpg 300w, https:\/\/www.encontroalumni.uevora.pt\/2018\/wp-content\/uploads\/sites\/5\/2019\/02\/foto_Miguel_Cachao-150x150.jpg 150w\" sizes=\"auto, (max-width: 300px) 100vw, 300px\" \/><\/td>\n<td width=\"70%\"><strong>Miguel Cach\u00e3o<\/strong><br \/>\n<strong>Antigo Presidente da Associa\u00e7\u00e3o Acad\u00e9mica da Universidade de \u00c9vora (2005)<\/strong><em>Os tempos vividos nas Universidades s\u00e3o sempre recordados com nostalgia, saudosismo e simpatia. S\u00e3o tempos onde se criam amizades fortes e rela\u00e7\u00f5es que perduram. S\u00e3o tempos onde muitos experienciam o distanciamento da fam\u00edlia, o desafio de tomar decis\u00f5es e a necessidade de assumir responsabilidade. S\u00e3o todos estes tempos vividos na Universidade de \u00c9vora que s\u00e3o melhor representados pelos alumni. S\u00e3o os alumni que melhorem defendem a Universidade e que melhor exprimem o seu car\u00e1cter distintivo e competente.<\/em><\/td>\n<\/tr>\n<tr>\n<td><em><img loading=\"lazy\" decoding=\"async\" class=\"alignnone wp-image-92 size-medium\" src=\"http:\/\/www.encontroalumni.uevora.pt\/2018\/wp-content\/uploads\/sites\/5\/2019\/02\/foto_Jose_Carlos_Barros-300x200.jpg\" alt=\"\" width=\"300\" height=\"200\" srcset=\"https:\/\/www.encontroalumni.uevora.pt\/2018\/wp-content\/uploads\/sites\/5\/2019\/02\/foto_Jose_Carlos_Barros-300x200.jpg 300w, https:\/\/www.encontroalumni.uevora.pt\/2018\/wp-content\/uploads\/sites\/5\/2019\/02\/foto_Jose_Carlos_Barros-768x512.jpg 768w, https:\/\/www.encontroalumni.uevora.pt\/2018\/wp-content\/uploads\/sites\/5\/2019\/02\/foto_Jose_Carlos_Barros-644x429.jpg 644w, https:\/\/www.encontroalumni.uevora.pt\/2018\/wp-content\/uploads\/sites\/5\/2019\/02\/foto_Jose_Carlos_Barros.jpg 1248w\" sizes=\"auto, (max-width: 300px) 100vw, 300px\" \/><\/em><\/td>\n<td><strong>Jos\u00e9 Carlos Barros<\/strong><br \/>\n<strong>Alumnus Arquitetura Paisagista<br \/>\n<\/strong><strong>Sobre os Regressos<\/strong><em>Fui para \u00c9vora e para o curso de Arquitectura Paisagista por causa de um livro e de uma vis\u00e3o do mundo: o livro era a Apari\u00e7\u00e3o, do Verg\u00edlio Ferreira; a vis\u00e3o do mundo era a do Professor Ribeiro Telles.<\/em><em>Por causa do livro, sei que h\u00e1 um instante de apari\u00e7\u00e3o e alarme que \u00e9 j\u00e1 a eternidade toda e que esse instante continuar\u00e1 a vibrar em n\u00f3s como a evid\u00eancia de uma impossibilidade: a dos regressos.<\/em><em>Com o Professor Ribeiro Telles, por sua vez, compreendi que a Paisagem \u00e9 o resultado de uma rela\u00e7\u00e3o profunda entre natureza e cultura \u2013 e que, portanto, n\u00e3o h\u00e1 distin\u00e7\u00e3o entre aquilo que somos e o territ\u00f3rio que temos.<\/em><\/td>\n<\/tr>\n<tr>\n<td colspan=\"2\">\u00a0<img loading=\"lazy\" decoding=\"async\" class=\"size-full wp-image-77 aligncenter\" src=\"http:\/\/www.encontroalumni.uevora.pt\/2018\/wp-content\/uploads\/sites\/5\/2019\/02\/foto_Helena_Cavaco.jpg\" alt=\"\" width=\"550\" height=\"385\" srcset=\"https:\/\/www.encontroalumni.uevora.pt\/2018\/wp-content\/uploads\/sites\/5\/2019\/02\/foto_Helena_Cavaco.jpg 550w, https:\/\/www.encontroalumni.uevora.pt\/2018\/wp-content\/uploads\/sites\/5\/2019\/02\/foto_Helena_Cavaco-300x210.jpg 300w\" sizes=\"auto, (max-width: 550px) 100vw, 550px\" \/><\/td>\n<\/tr>\n<tr>\n<td>\n<p><figure id=\"attachment_68\" aria-describedby=\"caption-attachment-68\" style=\"width: 200px\" class=\"wp-caption alignnone\"><img loading=\"lazy\" decoding=\"async\" class=\"wp-image-68 size-medium\" src=\"http:\/\/www.encontroalumni.uevora.pt\/2018\/wp-content\/uploads\/sites\/5\/2019\/02\/foto_Carlos_Zorrinho-200x300.jpg\" alt=\"\" width=\"200\" height=\"300\" srcset=\"https:\/\/www.encontroalumni.uevora.pt\/2018\/wp-content\/uploads\/sites\/5\/2019\/02\/foto_Carlos_Zorrinho-200x300.jpg 200w, https:\/\/www.encontroalumni.uevora.pt\/2018\/wp-content\/uploads\/sites\/5\/2019\/02\/foto_Carlos_Zorrinho.jpg 370w\" sizes=\"auto, (max-width: 200px) 100vw, 200px\" \/><figcaption id=\"caption-attachment-68\" class=\"wp-caption-text\">Carlos ZORRINHO in the European Parliament in Brussels<\/figcaption><\/figure><\/td>\n<td><strong>Carlos Zorrinho<\/strong><br \/>\n<strong>Alumnus de Gest\u00e3o de Empresas<\/strong><em>O primeiro encontro alumni anual da Universidade de \u00c9vora constitui uma excelente oportunidade para refor\u00e7ar a perten\u00e7a a uma comunidade universit\u00e1ria com hist\u00f3ria e com identidade e valorizar num mundo cada vez mais determinado por m\u00faltiplas redes e rela\u00e7\u00f5es, tudo o que aprendemos a conhecer numa universidade com passado, presente e futuro, que marca para a vida todos os que tiveram um dia o privil\u00e9gio de a frequentar.<\/em><\/td>\n<\/tr>\n<tr>\n<td><img loading=\"lazy\" decoding=\"async\" class=\"alignnone wp-image-83 size-medium\" src=\"http:\/\/www.encontroalumni.uevora.pt\/2018\/wp-content\/uploads\/sites\/5\/2019\/02\/foto_Hugo_Quintino-300x300.jpg\" alt=\"\" width=\"300\" height=\"300\" srcset=\"https:\/\/www.encontroalumni.uevora.pt\/2018\/wp-content\/uploads\/sites\/5\/2019\/02\/foto_Hugo_Quintino-300x300.jpg 300w, https:\/\/www.encontroalumni.uevora.pt\/2018\/wp-content\/uploads\/sites\/5\/2019\/02\/foto_Hugo_Quintino-150x150.jpg 150w, https:\/\/www.encontroalumni.uevora.pt\/2018\/wp-content\/uploads\/sites\/5\/2019\/02\/foto_Hugo_Quintino.jpg 323w\" sizes=\"auto, (max-width: 300px) 100vw, 300px\" \/><\/td>\n<td><strong>Hugo Quintino<\/strong><br \/>\n<strong>Alumnus de Matem\u00e1tica e Ci\u00eancias da Computa\u00e7\u00e3o (2002\/06)<\/strong><em>O I Encontro Alumni ser\u00e1 um marco relevante na dinamiza\u00e7\u00e3o desde important\u00edssimo projeto. Al\u00e9m da excel\u00eancia na forma\u00e7\u00e3o que me proporcionou, a UE permitiu-me, em particular, vivenciar um conjunto de experi\u00eancias \u00fanica e determinantes para a minha evolu\u00e7\u00e3o profissional e pessoal. \u00c9 pelo reviver de toda essa partilha que aguardo ansiosamente por este I Encontro.<\/em><\/td>\n<\/tr>\n<tr>\n<td colspan=\"2\">\u00a0<img loading=\"lazy\" decoding=\"async\" class=\"size-full wp-image-71 aligncenter\" src=\"http:\/\/www.encontroalumni.uevora.pt\/2018\/wp-content\/uploads\/sites\/5\/2019\/02\/foto_Dora_Paulino_Carinhas.jpg\" alt=\"\" width=\"550\" height=\"385\" srcset=\"https:\/\/www.encontroalumni.uevora.pt\/2018\/wp-content\/uploads\/sites\/5\/2019\/02\/foto_Dora_Paulino_Carinhas.jpg 550w, https:\/\/www.encontroalumni.uevora.pt\/2018\/wp-content\/uploads\/sites\/5\/2019\/02\/foto_Dora_Paulino_Carinhas-300x210.jpg 300w\" sizes=\"auto, (max-width: 550px) 100vw, 550px\" \/><\/td>\n<\/tr>\n<tr>\n<td><img loading=\"lazy\" decoding=\"async\" class=\"alignnone wp-image-80 size-medium\" src=\"http:\/\/www.encontroalumni.uevora.pt\/2018\/wp-content\/uploads\/sites\/5\/2019\/02\/foto_Henrique_Sim-Sim-300x300.jpg\" alt=\"\" width=\"300\" height=\"300\" srcset=\"https:\/\/www.encontroalumni.uevora.pt\/2018\/wp-content\/uploads\/sites\/5\/2019\/02\/foto_Henrique_Sim-Sim-300x300.jpg 300w, https:\/\/www.encontroalumni.uevora.pt\/2018\/wp-content\/uploads\/sites\/5\/2019\/02\/foto_Henrique_Sim-Sim-150x150.jpg 150w, https:\/\/www.encontroalumni.uevora.pt\/2018\/wp-content\/uploads\/sites\/5\/2019\/02\/foto_Henrique_Sim-Sim.jpg 425w\" sizes=\"auto, (max-width: 300px) 100vw, 300px\" \/><\/td>\n<td><strong>Henrique Sim-Sim\u00a0<\/strong><br \/>\n<strong>Alumnus de Engenharia Zoot\u00e9cnica (1992-97)<\/strong><br \/>\n<strong>Curso de Mestrado\u00a0em Rela\u00e7\u00f5es Internacionais (2011-12)<\/strong>Henrique Sim-Sim estar\u00e1 presente no I Encontro Alumni da Universidade de \u00c9vora.<em> &#8220;Estudar na Universidade de \u00c9vora foi uma experi\u00eancia marcante na minha vida: o ambiente acad\u00e9mico muito forte, de tradi\u00e7\u00e3o e de muita uni\u00e3o e amizade entre os estudantes (de v\u00e1rios anos ou cursos), foi muito importante no que diz respeito \u00e0 integra\u00e7\u00e3o e \u00e0 constru\u00e7\u00e3o de fortes rela\u00e7\u00f5es de amizade.&#8221;<\/em><\/td>\n<\/tr>\n<tr>\n<td><img loading=\"lazy\" decoding=\"async\" class=\"alignnone wp-image-104 size-medium\" src=\"http:\/\/www.encontroalumni.uevora.pt\/2018\/wp-content\/uploads\/sites\/5\/2019\/02\/foto_Teresa_Tavares-225x300.jpg\" alt=\"\" width=\"225\" height=\"300\" srcset=\"https:\/\/www.encontroalumni.uevora.pt\/2018\/wp-content\/uploads\/sites\/5\/2019\/02\/foto_Teresa_Tavares-225x300.jpg 225w, https:\/\/www.encontroalumni.uevora.pt\/2018\/wp-content\/uploads\/sites\/5\/2019\/02\/foto_Teresa_Tavares-768x1024.jpg 768w, https:\/\/www.encontroalumni.uevora.pt\/2018\/wp-content\/uploads\/sites\/5\/2019\/02\/foto_Teresa_Tavares-644x859.jpg 644w\" sizes=\"auto, (max-width: 225px) 100vw, 225px\" \/><\/td>\n<td><strong>Teresa Tavares<\/strong><br \/>\n<strong>Alumna de Biologia e Geologia, via ensino de 89\/94<\/strong><br \/>\n<strong>Mestrado e Doutoramento em Ci\u00eancias da Educa\u00e7\u00e3o<\/strong><em>Os melhores tempos da minha vida, onde fiz amigos para a vida e onde estudei para a profiss\u00e3o que abra\u00e7o, com todo o amor, h\u00e1 24 anos. A minha turma autodenominou-se de BiGecas e onde quer que \u00edamos, faz\u00edamos m\u00fasica:<\/em><em> &#8220;A Universidade de \u00c9vora,<\/em><br \/>\n<em> A casa que nos juntou<\/em><br \/>\n<em> \u00c9 a mais linda, mais bela,<\/em><br \/>\n<em> Que Deus ao mundo deitou!&#8221;<\/em><\/td>\n<\/tr>\n<tr>\n<td colspan=\"2\">\u00a0<img loading=\"lazy\" decoding=\"async\" class=\"size-full wp-image-62 aligncenter\" src=\"http:\/\/www.encontroalumni.uevora.pt\/2018\/wp-content\/uploads\/sites\/5\/2019\/02\/foto_Alexandra_Dias.jpg\" alt=\"\" width=\"550\" height=\"385\" srcset=\"https:\/\/www.encontroalumni.uevora.pt\/2018\/wp-content\/uploads\/sites\/5\/2019\/02\/foto_Alexandra_Dias.jpg 550w, https:\/\/www.encontroalumni.uevora.pt\/2018\/wp-content\/uploads\/sites\/5\/2019\/02\/foto_Alexandra_Dias-300x210.jpg 300w\" sizes=\"auto, (max-width: 550px) 100vw, 550px\" \/><\/td>\n<\/tr>\n<tr>\n<td><img loading=\"lazy\" decoding=\"async\" class=\"alignnone wp-image-86 size-medium\" src=\"http:\/\/www.encontroalumni.uevora.pt\/2018\/wp-content\/uploads\/sites\/5\/2019\/02\/foto_Joao_Correia-300x225.jpg\" alt=\"\" width=\"300\" height=\"225\" srcset=\"https:\/\/www.encontroalumni.uevora.pt\/2018\/wp-content\/uploads\/sites\/5\/2019\/02\/foto_Joao_Correia-300x225.jpg 300w, https:\/\/www.encontroalumni.uevora.pt\/2018\/wp-content\/uploads\/sites\/5\/2019\/02\/foto_Joao_Correia-768x576.jpg 768w, https:\/\/www.encontroalumni.uevora.pt\/2018\/wp-content\/uploads\/sites\/5\/2019\/02\/foto_Joao_Correia-644x483.jpg 644w, https:\/\/www.encontroalumni.uevora.pt\/2018\/wp-content\/uploads\/sites\/5\/2019\/02\/foto_Joao_Correia.jpg 1280w\" sizes=\"auto, (max-width: 300px) 100vw, 300px\" \/><\/td>\n<td><strong>Jo\u00e3o Correia <\/strong><br \/>\n<strong>Antigo Presidente da Associa\u00e7\u00e3o Acad\u00e9mica da Universidade de \u00c9vora (2004)<\/strong><em>A Universidade de \u00c9vora fez de mim Bi\u00f3logo, orgulhoso do experienciado e conseguido na minha a vivencia universit\u00e1ria. O lema \u201cHonesto Estudo com Longa Experiencia Misturado\u201d ficou bem vincado na minha forma de ser, que ainda hoje se repercute profissionalmente e na cidadania (julgo) consciente que pratico. A identidade das Institui\u00e7\u00f5es vai para al\u00e9m do seu mote ou branding; os seus \u201cprodutos\u201d, na forma de\u00a0Alumni\u00a0e alunos \u201cno activo\u201d, \u00a0imprimem a distin\u00e7\u00e3o da Universidade.\u00a0 As amizades e os la\u00e7os nascidos nestes anos de crescimento e viv\u00eancia intensa perduram at\u00e9 hoje, mesmo que longe no espa\u00e7o e tempo.. \u00c9 com alegria que vejo esta iniciativa. Ver-nos-emos dia 3!<\/em><\/td>\n<\/tr>\n<tr>\n<td>\u00a0<img loading=\"lazy\" decoding=\"async\" class=\"alignnone wp-image-74 size-medium\" src=\"http:\/\/www.encontroalumni.uevora.pt\/2018\/wp-content\/uploads\/sites\/5\/2019\/02\/foto_Fernanda_Correia-225x300.jpg\" alt=\"\" width=\"225\" height=\"300\" srcset=\"https:\/\/www.encontroalumni.uevora.pt\/2018\/wp-content\/uploads\/sites\/5\/2019\/02\/foto_Fernanda_Correia-225x300.jpg 225w, https:\/\/www.encontroalumni.uevora.pt\/2018\/wp-content\/uploads\/sites\/5\/2019\/02\/foto_Fernanda_Correia-768x1023.jpg 768w, https:\/\/www.encontroalumni.uevora.pt\/2018\/wp-content\/uploads\/sites\/5\/2019\/02\/foto_Fernanda_Correia-644x858.jpg 644w, https:\/\/www.encontroalumni.uevora.pt\/2018\/wp-content\/uploads\/sites\/5\/2019\/02\/foto_Fernanda_Correia.jpg 1001w\" sizes=\"auto, (max-width: 225px) 100vw, 225px\" \/><\/td>\n<td><strong>Fernanda Correia<\/strong><br \/>\n<strong>Alumna de Engenharia Zoot\u00e9cnica (1987-1992)<\/strong><em>Caros colegas, EU VOU! Desafio-vos a estarem presentes, foi sem d\u00favida os melhores anos das nossas vidas aqueles que style=&#8221;text-align:center;&#8221;pass\u00e1mos na UE enquanto estudantes. \u00c9 isto que acredito que vamos recordar no I Encontro Alumni da nossa muy ilustre Universidade. No dia 3 de Mar\u00e7o recordaremos esses dias, atualizaremos o presente e estabeleceremos contatos para o futuro.<\/em><\/td>\n<\/tr>\n<tr>\n<td>\u00a0<img loading=\"lazy\" decoding=\"async\" class=\"alignnone wp-image-65 size-medium\" src=\"http:\/\/www.encontroalumni.uevora.pt\/2018\/wp-content\/uploads\/sites\/5\/2019\/02\/foto_Antonio_Costa_da_Silva-300x158.jpg\" alt=\"\" width=\"300\" height=\"158\" \/><\/td>\n<td><strong>Ant\u00f3nio Costa da Silva<\/strong><br \/>\n<strong>Economia (1987 \u2013 92)<\/strong><br \/>\n<strong>P\u00f3s gradua\u00e7\u00e3o em Administra\u00e7\u00e3o Publica e Desenvolvimento Regional (1993 \u2013 94)<\/strong><strong>Universidade de \u00c9vora continua a ser a Minha Casa.<\/strong><em>A realiza\u00e7\u00e3o do primeiro encontro alumni anual da Universidade de \u00c9vora com o tema \u201creviver o passado, construir o futuro\u201d no dia 3 de mar\u00e7o de 2018 j\u00e1 \u00e9, sem d\u00favida alguma, uma excelente iniciativa. Ir\u00e1 certamente proporcionar um excelente momento de reencontro de ex alunos da Universidade de \u00c9vora com a institui\u00e7\u00e3o que os formou. Este encontro ir\u00e1 recuperar velhas est\u00f3rias, emo\u00e7\u00f5es e viv\u00eancias que h\u00e1 muito se encontravam desencontradas. Outro aspeto relevante da iniciativa ser\u00e1 o proporcionar de uma ampla troca de experi\u00eancias e contactos entre \u201cvelhos aliados\u201d.<\/em><em>A Universidade receber\u00e1 em troca um conjunto de \u201cembaixadores\u201d que se encontra espalhado por toda a parte. Ajudar\u00e1, tamb\u00e9m, a demonstrar que a Universidade de \u00c9vora \u00e9 uma grande institui\u00e7\u00e3o nacional e internacional, e que a todos enche de orgulho.<\/em><\/td>\n<\/tr>\n<tr>\n<td>\u00a0<img loading=\"lazy\" decoding=\"async\" class=\"alignnone wp-image-101 size-medium\" src=\"http:\/\/www.encontroalumni.uevora.pt\/2018\/wp-content\/uploads\/sites\/5\/2019\/02\/foto_Paulo_Figueira-225x300.jpg\" alt=\"\" width=\"225\" height=\"300\" srcset=\"https:\/\/www.encontroalumni.uevora.pt\/2018\/wp-content\/uploads\/sites\/5\/2019\/02\/foto_Paulo_Figueira-225x300.jpg 225w, https:\/\/www.encontroalumni.uevora.pt\/2018\/wp-content\/uploads\/sites\/5\/2019\/02\/foto_Paulo_Figueira.jpg 480w\" sizes=\"auto, (max-width: 225px) 100vw, 225px\" \/><\/td>\n<td><strong>Paulo Figueira<\/strong><br \/>\n<strong>Alumnus de licenciatura em Hist\u00f3ria<\/strong><br \/>\n<strong>Antigo Presidente da Associa\u00e7\u00e3o Acad\u00e9mica da Universidade de \u00c9vora (2012\/13)\u00a0<\/strong><em>Bem vindos aos melhores anos da vossa vida. Foi assim que enquanto presidente da AAUE recebi sempre os novos estudantes. As hist\u00f3rias e amizades que se criam na Universidade s\u00e3o para a vida e \u00e9 importante nunca perder a liga\u00e7\u00e3o com os seus alumni, pois n\u00e3o existem melhores embaixadores de uma Universidade. Uma boa conex\u00e3o com os alumni traz muitos benef\u00edcios aos mesmos e \u00e0s institui\u00e7\u00f5es. Nesse sentido \u00e9 com satisfa\u00e7\u00e3o que constato que a nossa Universidade acarinha os seus alumni, como atesta este I encontro, o qual espero, seja apenas o primeiro de muitos. <\/em><\/td>\n<\/tr>\n<tr>\n<td style=\"text-align: center;\" colspan=\"2\"><iframe loading=\"lazy\" src=\"https:\/\/www.youtube.com\/embed\/JDxQaO7ik1k\" width=\"560\" height=\"315\" frameborder=\"0\" allowfullscreen=\"allowfullscreen\"><\/iframe><\/td>\n<\/tr>\n<tr>\n<td style=\"text-align: center;\" colspan=\"2\"><iframe loading=\"lazy\" src=\"https:\/\/www.youtube.com\/embed\/upducXU2pIE\" width=\"560\" height=\"315\" frameborder=\"0\" allowfullscreen=\"allowfullscreen\"><\/iframe><\/td>\n<\/tr>\n<tr>\n<td style=\"text-align: center;\" colspan=\"2\"><iframe loading=\"lazy\" src=\"https:\/\/www.youtube.com\/embed\/AAqpb_xlOFY\" width=\"560\" height=\"315\" frameborder=\"0\" allowfullscreen=\"allowfullscreen\"><\/iframe><\/td>\n<\/tr>\n<tr>\n<td>\u00a0<img loading=\"lazy\" decoding=\"async\" class=\"alignnone wp-image-89 size-medium\" src=\"http:\/\/www.encontroalumni.uevora.pt\/2018\/wp-content\/uploads\/sites\/5\/2019\/02\/foto_Jose_Calixto-300x277.jpg\" alt=\"\" width=\"300\" height=\"277\" \/><\/td>\n<td><strong>Jos\u00e9 Calixto<\/strong><br \/>\n<strong>Alumnus da Universidade de \u00c9vora<\/strong><em>A passagem pela Universidade de \u00c9vora entre 1983 e 1988 foi absolutamente marcante para o resto do meu percurso profissional. Foi uma \u00e9poca de forte investimento no estudo e na valoriza\u00e7\u00e3o pessoal que fez toda a diferen\u00e7a aquando da integra\u00e7\u00e3o num competitivo e exigente mercado profissional.<br \/>\n<\/em><em>Juntar novamente os Alumnus da U\u00c9 ser\u00e1 um momento \u00fanico; um momento valorizador da nossa Academia.<br \/>\n<\/em><em>Afinal, ela sempre nos soube motivar a lutar por objetivos ambiciosos e a ter muito orgulho no melhor lugar do mundo para viver\u2026 o Alentejo!<\/em><\/td>\n<\/tr>\n<tr>\n<td>\u00a0<img loading=\"lazy\" decoding=\"async\" class=\"alignnone wp-image-95 size-medium\" src=\"http:\/\/www.encontroalumni.uevora.pt\/2018\/wp-content\/uploads\/sites\/5\/2019\/02\/foto_Maria_Gabriela_Salgado_Peneda_Isidoro_Lopes-275x300.jpg\" alt=\"\" width=\"275\" height=\"300\" srcset=\"https:\/\/www.encontroalumni.uevora.pt\/2018\/wp-content\/uploads\/sites\/5\/2019\/02\/foto_Maria_Gabriela_Salgado_Peneda_Isidoro_Lopes-275x300.jpg 275w, https:\/\/www.encontroalumni.uevora.pt\/2018\/wp-content\/uploads\/sites\/5\/2019\/02\/foto_Maria_Gabriela_Salgado_Peneda_Isidoro_Lopes.jpg 300w\" sizes=\"auto, (max-width: 275px) 100vw, 275px\" \/><\/td>\n<td><strong>Maria Gabriela Salgado Peneda Isidoro Lopes<\/strong><br \/>\n<strong>Curso de Engenharia Zoot\u00e9cnica<\/strong><br \/>\n<strong>1986\/91<\/strong><em>\u00c9vora passou a ser a minha cidade, a nossa cidade. <\/em><br \/>\n<em>Cheg\u00e1mos algo perdidos, quase crian\u00e7as e l\u00e1 descobrimos muito da vida\u2026 com mais ou menos asneiras, todos vivemos a cidade de forma intensa e as (boas) mem\u00f3rias e amizades, ficam para toda a vida.<\/em><br \/>\n<em>Uma reuni\u00e3o de todos os alunos da nossa Universidade, \u00e9 uma oportunidade \u00fanica para voltar a ser feliz na Muy Nobre e Fiel cidade. Reencontrar rostos e cora\u00e7\u00f5es, reviver os excelentes momentos vividos, recordar aventuras e desventuras, voltar a rir, e possivelmente chorar, com aqueles com quem partilh\u00e1mos alguns dos anos mais felizes da vida, \u00e9 uma ocasi\u00e3o que n\u00e3o podia perder.<\/em><\/td>\n<\/tr>\n<tr>\n<td style=\"text-align: center;\" colspan=\"2\"><iframe loading=\"lazy\" src=\"https:\/\/www.youtube.com\/embed\/D8ToBqFcEJY\" width=\"560\" height=\"315\" frameborder=\"0\" allowfullscreen=\"allowfullscreen\"><\/iframe><\/td>\n<\/tr>\n<\/tbody>\n<\/table>\n","protected":false},"excerpt":{"rendered":"<p>&nbsp; &nbsp; &nbsp; Miguel Cach\u00e3o Antigo Presidente da Associa\u00e7\u00e3o Acad\u00e9mica da Universidade de \u00c9vora (2005)Os tempos vividos nas Universidades s\u00e3o sempre recordados com nostalgia, saudosismo e simpatia. S\u00e3o tempos onde se criam amizades fortes e rela\u00e7\u00f5es que perduram. S\u00e3o tempos onde muitos experienciam o distanciamento da fam\u00edlia, o desafio de tomar decis\u00f5es e a necessidade&#8230;<\/p>\n","protected":false},"author":5,"featured_media":0,"parent":0,"menu_order":0,"comment_status":"closed","ping_status":"closed","template":"","meta":{"footnotes":""},"class_list":["post-188","page","type-page","status-publish","hentry"],"_links":{"self":[{"href":"https:\/\/www.encontroalumni.uevora.pt\/2018\/wp-json\/wp\/v2\/pages\/188","targetHints":{"allow":["GET"]}}],"collection":[{"href":"https:\/\/www.encontroalumni.uevora.pt\/2018\/wp-json\/wp\/v2\/pages"}],"about":[{"href":"https:\/\/www.encontroalumni.uevora.pt\/2018\/wp-json\/wp\/v2\/types\/page"}],"author":[{"embeddable":true,"href":"https:\/\/www.encontroalumni.uevora.pt\/2018\/wp-json\/wp\/v2\/users\/5"}],"replies":[{"embeddable":true,"href":"https:\/\/www.encontroalumni.uevora.pt\/2018\/wp-json\/wp\/v2\/comments?post=188"}],"version-history":[{"count":6,"href":"https:\/\/www.encontroalumni.uevora.pt\/2018\/wp-json\/wp\/v2\/pages\/188\/revisions"}],"predecessor-version":[{"id":272,"href":"https:\/\/www.encontroalumni.uevora.pt\/2018\/wp-json\/wp\/v2\/pages\/188\/revisions\/272"}],"wp:attachment":[{"href":"https:\/\/www.encontroalumni.uevora.pt\/2018\/wp-json\/wp\/v2\/media?parent=188"}],"curies":[{"name":"wp","href":"https:\/\/api.w.org\/{rel}","templated":true}]}}