{"id":179,"date":"2019-02-08T17:53:04","date_gmt":"2019-02-08T17:53:04","guid":{"rendered":"http:\/\/www.encontroalumni.uevora.pt\/2018\/?page_id=179"},"modified":"2019-02-08T20:45:09","modified_gmt":"2019-02-08T20:45:09","slug":"programa","status":"publish","type":"page","link":"https:\/\/www.encontroalumni.uevora.pt\/2018\/programa\/","title":{"rendered":"Programa"},"content":{"rendered":"<p><em><strong>Col\u00e9gio Esp\u00edrito Santo<\/strong><\/em><\/p>\n<table>\n<tbody>\n<tr>\n<td width=\"20%\"><strong>09h30 | 17h30<\/strong><\/td>\n<td width=\"80%\">Check-in (Sala de Atos)<\/td>\n<\/tr>\n<tr>\n<td><strong>17h30<\/strong><\/td>\n<td><a href=\"http:\/\/www.encontroalumni.uevora.pt\/2018\/cocktail-jantar\/\">Cocktail de Boas-vindas<\/a><\/td>\n<\/tr>\n<tr>\n<td><strong>18h30<\/strong><\/td>\n<td>\n<p style=\"text-align: left;\">Audit\u00f3rio Nobre<\/p>\n<p style=\"text-align: center;\"><a href=\"http:\/\/www.encontroalumni.uevora.pt\/2018\/programa\/programa-em-colaboracao-com-a-escola-de-artes\/\" rel=\"noopener\"><strong>Momento Musical (1)<\/strong><\/a><br \/>\n<strong> Interven\u00e7\u00f5es<\/strong><br \/>\nReitora da Universidade de \u00c9vora<br \/>\nRepresentante do Conselho Alumni<br \/>\n<strong><a href=\"http:\/\/www.encontroalumni.uevora.pt\/2018\/programa\/programa-em-colaboracao-com-a-escola-de-artes\/\" rel=\"noopener\">Momento Musical (2)<\/a><br \/>\n<\/strong><\/p>\n<\/td>\n<\/tr>\n<tr>\n<td><strong>20h00<\/strong><\/td>\n<td><a href=\"http:\/\/www.encontroalumni.uevora.pt\/2018\/cocktail-jantar\/\">Jantar conv\u00edvio<\/a> | anima\u00e7\u00e3o | bar <strong>(3)<\/strong><\/td>\n<\/tr>\n<\/tbody>\n<\/table>\n<p><strong>(1) e <\/strong><strong>(2) <a href=\"http:\/\/www.encontroalumni.uevora.pt\/2018\/programa\/programa-em-colaboracao-com-a-escola-de-artes\/\" rel=\"noopener\">Programa em Colabora\u00e7\u00e3o com a Escola de Artes<\/a><br \/>\n<\/strong><strong>(3)<\/strong> Atua\u00e7\u00e3o da<strong> Tuna Acad\u00e9mica da Universidade de \u00c9vora<\/strong><br \/>\nM\u00e1gico<\/p>\n<p>&nbsp;<\/p>\n<table>\n<tbody>\n<tr>\n<td width=\"20%\"><em><strong>Dress Code<\/strong><\/em><\/td>\n<td width=\"80%\">Smart &#8211; casual<\/td>\n<\/tr>\n<tr>\n<td><em><strong>Pre\u00e7o<\/strong><\/em><\/td>\n<td>20\u20ac por pessoa<br \/>\nOs alumni podem fazer-se acompanhar por familiares ou amigos mediante inscri\u00e7\u00e3o.<\/td>\n<\/tr>\n<\/tbody>\n<\/table>\n<p><strong>PROGRAMA COMPLEMENTAR (livre)<\/strong><\/p>\n<p><strong>UNIVERSIDADE DE \u00c9VORA<\/strong><\/p>\n<ul>\n<li><strong>Exposi\u00e7\u00e3o de fotografia \u201cLugares abandonados\u201d<\/strong><br \/>\nLocal: Cisterna do Col\u00e9gio Esp\u00edrito Santo<\/li>\n<li><strong>Exposi\u00e7\u00e3o dos galardoados \u201cPr\u00e9mio Virg\u00edlio Ferreira\u201d<\/strong><br \/>\nLocal: Claustros Pequenos do Col\u00e9gio Esp\u00edrito Santo<\/li>\n<li><strong>Visita ao Polo da Mitra, conv\u00edvio e prove de vinho da Mitra<br \/>\n<\/strong>Programa<br \/>\n14h45 \u2013 Partida de autocarro (CES)<br \/>\n15h15 \u2013 visita ao Polo da Mitra<br \/>\n16h15 \u2013 conv\u00edvio e prova de vinho (Conventinho)<br \/>\n17h20 \u2013 Regresso a \u00c9vora<br \/>\nOs interessados em transporte dever\u00e3o reservar para <a href=\"mailto:alumni@uevora.pt\"><strong>alumni@uevora.pt<\/strong><\/a><\/li>\n<\/ul>\n<p><strong>DIRE\u00c7\u00c3O REGIONAL DE CULTURA DO ALENTEJO<\/strong><\/p>\n<ul>\n<li>Museu de \u00c9vora<\/li>\n<li>Igreja do Salvador<\/li>\n<li>Visita gratuita dia 3 e 4 de mar\u00e7o (mediante apresenta\u00e7\u00e3o de credencial)<\/li>\n<\/ul>\n<p><strong>FUNDA\u00c7\u00c3O EUG\u00c9NIO DE ALMEIDA<\/strong><\/p>\n<ul>\n<li>Voucher para visita gratuita livre \u00e0 <strong>Cole\u00e7\u00e3o de Carruagens e Pa\u00e7o de S\u00e3o Miguel<\/strong><\/li>\n<li>10h00 \u2013 <strong>Visita guiada ao Pa\u00e7o de S\u00e3o Miguel<\/strong><br \/>\nOs interessados dever\u00e3o reservar para <a href=\"mailto:alumni@uevora.pt\"><strong>alumni@uevora.pt<\/strong><\/a><\/li>\n<\/ul>\n<p><strong>ASSOCIA\u00c7\u00c3O ACAD\u00c9MICA DA UNIVERSIDADE DE \u00c9VORA<\/strong><\/p>\n<ul>\n<li>Exposi\u00e7\u00e3o \u201c<strong>H\u00e1 40 anos de Estudantes para Estudantes<\/strong>\u201d<br \/>\nLocal: Rui Diogo C\u00e3o n\u00ba21<br \/>\nHor\u00e1rio: 10h00 \u2013 17h30<\/li>\n<\/ul>\n<p><strong>C\u00c2MARA MUNICIPAL DE \u00c9VORA<\/strong><\/p>\n<ul>\n<li><strong>15h &#8211; visita ao Teatro Garcia de Resende<\/strong><br \/>\ninteressados devem marcar para alumni@uevora.pt<\/li>\n<li><strong>Fotografia | Exposi\u00e7\u00e3o coletiva<\/strong><br \/>\nAves de Rapina em PortugalExposi\u00e7\u00e3o fotogr\u00e1fica sobre aves de rapina nocturnas de Portugal, uma organiza\u00e7\u00e3o da CME; LabOr \u2013 Laborat\u00f3rio de Ornitologia \/ Universidade de \u00c9vora; STRI-ALDEIA; CERVAS; RIAS. E com o patroc\u00ednio da ALTRI FLORESTAL<br \/>\nLocal: Pal\u00e1cio de D. Manuel, \u00c9vora<\/li>\n<\/ul>\n<p><img loading=\"lazy\" decoding=\"async\" class=\"alignnone size-full wp-image-53\" src=\"http:\/\/www.encontroalumni.uevora.pt\/2018\/wp-content\/uploads\/sites\/5\/2019\/02\/banner_inscricao.jpg\" alt=\"\" width=\"968\" height=\"352\" srcset=\"https:\/\/www.encontroalumni.uevora.pt\/2018\/wp-content\/uploads\/sites\/5\/2019\/02\/banner_inscricao.jpg 968w, https:\/\/www.encontroalumni.uevora.pt\/2018\/wp-content\/uploads\/sites\/5\/2019\/02\/banner_inscricao-300x109.jpg 300w, https:\/\/www.encontroalumni.uevora.pt\/2018\/wp-content\/uploads\/sites\/5\/2019\/02\/banner_inscricao-768x279.jpg 768w, https:\/\/www.encontroalumni.uevora.pt\/2018\/wp-content\/uploads\/sites\/5\/2019\/02\/banner_inscricao-644x234.jpg 644w\" sizes=\"auto, (max-width: 968px) 100vw, 968px\" \/><\/p>\n","protected":false},"excerpt":{"rendered":"<p>Col\u00e9gio Esp\u00edrito Santo 09h30 | 17h30 Check-in (Sala de Atos) 17h30 Cocktail de Boas-vindas 18h30 Audit\u00f3rio Nobre Momento Musical (1) Interven\u00e7\u00f5es Reitora da Universidade de \u00c9vora Representante do Conselho Alumni Momento Musical (2) 20h00 Jantar conv\u00edvio | anima\u00e7\u00e3o | bar (3) (1) e (2) Programa em Colabora\u00e7\u00e3o com a Escola de Artes (3) Atua\u00e7\u00e3o da&#8230;<\/p>\n","protected":false},"author":5,"featured_media":0,"parent":0,"menu_order":0,"comment_status":"closed","ping_status":"closed","template":"","meta":{"footnotes":""},"class_list":["post-179","page","type-page","status-publish","hentry"],"_links":{"self":[{"href":"https:\/\/www.encontroalumni.uevora.pt\/2018\/wp-json\/wp\/v2\/pages\/179","targetHints":{"allow":["GET"]}}],"collection":[{"href":"https:\/\/www.encontroalumni.uevora.pt\/2018\/wp-json\/wp\/v2\/pages"}],"about":[{"href":"https:\/\/www.encontroalumni.uevora.pt\/2018\/wp-json\/wp\/v2\/types\/page"}],"author":[{"embeddable":true,"href":"https:\/\/www.encontroalumni.uevora.pt\/2018\/wp-json\/wp\/v2\/users\/5"}],"replies":[{"embeddable":true,"href":"https:\/\/www.encontroalumni.uevora.pt\/2018\/wp-json\/wp\/v2\/comments?post=179"}],"version-history":[{"count":3,"href":"https:\/\/www.encontroalumni.uevora.pt\/2018\/wp-json\/wp\/v2\/pages\/179\/revisions"}],"predecessor-version":[{"id":257,"href":"https:\/\/www.encontroalumni.uevora.pt\/2018\/wp-json\/wp\/v2\/pages\/179\/revisions\/257"}],"wp:attachment":[{"href":"https:\/\/www.encontroalumni.uevora.pt\/2018\/wp-json\/wp\/v2\/media?parent=179"}],"curies":[{"name":"wp","href":"https:\/\/api.w.org\/{rel}","templated":true}]}}