{"id":176,"date":"2019-02-08T17:52:56","date_gmt":"2019-02-08T17:52:56","guid":{"rendered":"http:\/\/www.encontroalumni.uevora.pt\/2018\/?page_id=176"},"modified":"2019-02-08T17:52:56","modified_gmt":"2019-02-08T17:52:56","slug":"inscricao","status":"publish","type":"page","link":"https:\/\/www.encontroalumni.uevora.pt\/2018\/inscricao\/","title":{"rendered":"Inscri\u00e7\u00e3o"},"content":{"rendered":"<p>* Todo o processo de inscri\u00e7\u00e3o \u00e9 feito exclusivamente online em <a href=\"https:\/\/sge.uevora.pt\" target=\"_blank\" rel=\"noopener\">https:\/\/sge.uevora.pt<\/a><\/p>\n<p><strong>Registo e Inscri\u00e7\u00e3o<\/strong><\/p>\n<ol>\n<li>Registe-se em <a href=\"https:\/\/sge.uevora.pt\/users\/register\">https:\/\/sge.uevora.pt\/users\/register<\/a> (receber\u00e1 um email de confirma\u00e7\u00e3o para finalizar o seu registo)<\/li>\n<li>Realize o login em <a title=\"https:\/\/sge.uevora.pt\" href=\"https:\/\/sge.uevora.pt\" target=\"_blank\" rel=\"noopener\" data-saferedirecturl=\"https:\/\/www.google.com\/url?hl=en&amp;q=https:\/\/sge.uevora.pt&amp;source=gmail&amp;ust=1512666524161000&amp;usg=AFQjCNGJRAgcoJUbdB2a58WRaPha2XoGbA\">https:\/\/sge.uevora.pt<\/a> e selecione o evento\u00a0 &#8220;<a title=\"https:\/\/sge.uevora.pt\/eventos\/ver\/113\" href=\"https:\/\/sge.uevora.pt\/eventos\/ver\/420\" target=\"_blank\" rel=\"noopener\" data-saferedirecturl=\"https:\/\/www.google.com\/url?hl=en&amp;q=https:\/\/sge.uevora.pt\/eventos\/ver\/113&amp;source=gmail&amp;ust=1512666524161000&amp;usg=AFQjCNEceeGkyBPrxKQjmy8hHwJXqKj_gQ\">I Encontro Alumni U\u00c9vora<\/a>&#8220;<\/li>\n<li>Selecione a op\u00e7\u00e3o <strong>&#8220;Inscrever&#8221;<\/strong> e de seguida a op\u00e7\u00e3o &#8220;<strong>Confirmar Inscri\u00e7\u00e3o<\/strong>&#8220;<strong><br \/>\n<\/strong><\/li>\n<li>Depois de efetuado o pagamento da incri\u00e7\u00e3o selecione a op\u00e7\u00e3o <strong>&#8220;Confirmar o Pagamento&#8221;<\/strong> onde lhe ser\u00e3o pedidos os dados para a fatura\u00e7\u00e3o e o comprovativo de pagamento.<\/li>\n<\/ol>\n","protected":false},"excerpt":{"rendered":"<p>* Todo o processo de inscri\u00e7\u00e3o \u00e9 feito exclusivamente online em https:\/\/sge.uevora.pt Registo e Inscri\u00e7\u00e3o Registe-se em https:\/\/sge.uevora.pt\/users\/register (receber\u00e1 um email de confirma\u00e7\u00e3o para finalizar o seu registo) Realize o login em https:\/\/sge.uevora.pt e selecione o evento\u00a0 &#8220;I Encontro Alumni U\u00c9vora&#8220; Selecione a op\u00e7\u00e3o &#8220;Inscrever&#8221; e de seguida a op\u00e7\u00e3o &#8220;Confirmar Inscri\u00e7\u00e3o&#8220; Depois de efetuado&#8230;<\/p>\n","protected":false},"author":5,"featured_media":0,"parent":0,"menu_order":0,"comment_status":"closed","ping_status":"closed","template":"","meta":{"footnotes":""},"class_list":["post-176","page","type-page","status-publish","hentry"],"_links":{"self":[{"href":"https:\/\/www.encontroalumni.uevora.pt\/2018\/wp-json\/wp\/v2\/pages\/176","targetHints":{"allow":["GET"]}}],"collection":[{"href":"https:\/\/www.encontroalumni.uevora.pt\/2018\/wp-json\/wp\/v2\/pages"}],"about":[{"href":"https:\/\/www.encontroalumni.uevora.pt\/2018\/wp-json\/wp\/v2\/types\/page"}],"author":[{"embeddable":true,"href":"https:\/\/www.encontroalumni.uevora.pt\/2018\/wp-json\/wp\/v2\/users\/5"}],"replies":[{"embeddable":true,"href":"https:\/\/www.encontroalumni.uevora.pt\/2018\/wp-json\/wp\/v2\/comments?post=176"}],"version-history":[{"count":1,"href":"https:\/\/www.encontroalumni.uevora.pt\/2018\/wp-json\/wp\/v2\/pages\/176\/revisions"}],"predecessor-version":[{"id":212,"href":"https:\/\/www.encontroalumni.uevora.pt\/2018\/wp-json\/wp\/v2\/pages\/176\/revisions\/212"}],"wp:attachment":[{"href":"https:\/\/www.encontroalumni.uevora.pt\/2018\/wp-json\/wp\/v2\/media?parent=176"}],"curies":[{"name":"wp","href":"https:\/\/api.w.org\/{rel}","templated":true}]}}