{"id":170,"date":"2019-02-08T17:52:36","date_gmt":"2019-02-08T17:52:36","guid":{"rendered":"http:\/\/www.encontroalumni.uevora.pt\/2018\/?page_id=170"},"modified":"2019-02-08T17:52:36","modified_gmt":"2019-02-08T17:52:36","slug":"cocktail-jantar","status":"publish","type":"page","link":"https:\/\/www.encontroalumni.uevora.pt\/2018\/cocktail-jantar\/","title":{"rendered":"Cocktail &#038; Jantar"},"content":{"rendered":"<h1>COCKTAIL *<\/h1>\n<p><strong>ENTRADAS E ACEPIPES<\/strong><br \/>\nCanap\u00e9 de p\u00e3o alentejano c\/ queijo creme e marmelada<br \/>\nEspetinho de tomate cereja, queijo fresco e presunto<br \/>\nFolhadinho de queijo cabra em cama de espinafres<br \/>\nEspetinho de azeitona, queijo e salame<br \/>\nCanap\u00e9 de doce de morango<br \/>\nEspetadinha de mel\u00e3o c\/ presunto<br \/>\nMix de folhas verdes, queijo e damasco<br \/>\nMix de alface, tomate e mozarella<br \/>\nCanap\u00e9 de salm\u00e3o fumado<\/p>\n<p><strong>BEBIDAS<\/strong><br \/>\nVinho Branco<br \/>\nVinho Tinto<br \/>\nMartini Rosso<br \/>\nMartini Bianco<br \/>\nMoscatel de Set\u00fabal<br \/>\nCerveja<br \/>\n\u00c1gua<br \/>\nSumo Laranja<\/p>\n<h1>JANTAR **<\/h1>\n<p><strong>BUFFET ENTRADAS<\/strong><br \/>\nShot de Gaspacho<br \/>\nMini Bruschettas<br \/>\nOvos Recheados<br \/>\nTomate cereja do amor<br \/>\nFolhadinho de farinheira c\/ anan\u00e1s<br \/>\nEspetadinha tropical<br \/>\nMini Croquetes<\/p>\n<p><strong>BUFFET SALADAS<\/strong><br \/>\nSalada de Rucula c\/ nozes<br \/>\nSaladas de Alface<br \/>\nSaladas de Tomate<br \/>\nSalada de Massa Fusili c\/ Frutos do mar<br \/>\nSalada de Gr\u00e3o Tropical<br \/>\nSalada de Feij\u00e3o Frade c\/ Tofu<\/p>\n<p><strong>BUFFET PRATOS QUENTES<\/strong><br \/>\nCreme de Cenoura c\/ ovo<br \/>\nGratinado do Mar<br \/>\nLombinhos fatiados c\/ mel em cama de Migas \u00e0 Alentejana<\/p>\n<p><strong>BUFFET SOBREMESAS<\/strong><br \/>\nMousse de Chocolate Branco c\/ Framboesa<br \/>\nCopinhos de Chocolate c\/ Mousse de Lim\u00e3o<br \/>\nDoces regionais variados<br \/>\nFruta da \u00e9poca variada<\/p>\n<p><strong>BEBIDAS<\/strong><br \/>\nVinho Branco<br \/>\nVinho Tinto<br \/>\nMartini Rosso<br \/>\nMartini Bianco<br \/>\nMoscatel de Set\u00fabal<br \/>\nCerveja<br \/>\n\u00c1gua<br \/>\nSumo Laranja<\/p>\n<p><em><strong>* O cocktail decorrer\u00e1 no jardim do Col\u00e9gio Esp\u00edrito Santo pelas 17h30<\/strong><\/em><br \/>\n<em><strong>** O jantar decorrer\u00e1 nos corredores do Col\u00e9gio Esp\u00edrito Santo, preparados para o evento, pelas 20h<\/strong><\/em><\/p>\n","protected":false},"excerpt":{"rendered":"<p>COCKTAIL * ENTRADAS E ACEPIPES Canap\u00e9 de p\u00e3o alentejano c\/ queijo creme e marmelada Espetinho de tomate cereja, queijo fresco e presunto Folhadinho de queijo cabra em cama de espinafres Espetinho de azeitona, queijo e salame Canap\u00e9 de doce de morango Espetadinha de mel\u00e3o c\/ presunto Mix de folhas verdes, queijo e damasco Mix de&#8230;<\/p>\n","protected":false},"author":5,"featured_media":0,"parent":0,"menu_order":0,"comment_status":"closed","ping_status":"closed","template":"","meta":{"footnotes":""},"class_list":["post-170","page","type-page","status-publish","hentry"],"_links":{"self":[{"href":"https:\/\/www.encontroalumni.uevora.pt\/2018\/wp-json\/wp\/v2\/pages\/170","targetHints":{"allow":["GET"]}}],"collection":[{"href":"https:\/\/www.encontroalumni.uevora.pt\/2018\/wp-json\/wp\/v2\/pages"}],"about":[{"href":"https:\/\/www.encontroalumni.uevora.pt\/2018\/wp-json\/wp\/v2\/types\/page"}],"author":[{"embeddable":true,"href":"https:\/\/www.encontroalumni.uevora.pt\/2018\/wp-json\/wp\/v2\/users\/5"}],"replies":[{"embeddable":true,"href":"https:\/\/www.encontroalumni.uevora.pt\/2018\/wp-json\/wp\/v2\/comments?post=170"}],"version-history":[{"count":1,"href":"https:\/\/www.encontroalumni.uevora.pt\/2018\/wp-json\/wp\/v2\/pages\/170\/revisions"}],"predecessor-version":[{"id":200,"href":"https:\/\/www.encontroalumni.uevora.pt\/2018\/wp-json\/wp\/v2\/pages\/170\/revisions\/200"}],"wp:attachment":[{"href":"https:\/\/www.encontroalumni.uevora.pt\/2018\/wp-json\/wp\/v2\/media?parent=170"}],"curies":[{"name":"wp","href":"https:\/\/api.w.org\/{rel}","templated":true}]}}