{"id":17,"date":"2019-02-08T11:52:09","date_gmt":"2019-02-08T11:52:09","guid":{"rendered":"http:\/\/www.encontroalumni.uevora.pt\/2018\/?page_id=17"},"modified":"2019-02-08T18:01:03","modified_gmt":"2019-02-08T18:01:03","slug":"encontro","status":"publish","type":"page","link":"https:\/\/www.encontroalumni.uevora.pt\/2018\/","title":{"rendered":"Encontro"},"content":{"rendered":"<p>A Universidade de \u00c9vora organiza, dia 03 de mar\u00e7o de 2018, o primeiro encontro alumni anual. Com o mote \u201creviver hist\u00f3rias&#8230; construir o futuro\u201d pretende-se trazer de volta \u00e0 Universidade a comunidade alumni, criando um momento de reencontro e inspira\u00e7\u00e3o para refor\u00e7ar o esp\u00edrito \u201cU\u00c9vora para a vida\u201d. Ser\u00e1 uma primeira grande oportunidade para revisitar hist\u00f3rias, espa\u00e7os, recordar abra\u00e7os e sentimentos. Em conjunto iremos certamente reviver mem\u00f3rias e construir o futuro.<\/p>\n<p style=\"text-align: center;\"><iframe loading=\"lazy\" src=\"https:\/\/www.youtube.com\/embed\/uwvc9vV8nIc?rel=0\" width=\"560\" height=\"315\" frameborder=\"0\" allowfullscreen=\"allowfullscreen\"><span style=\"display: inline-block; width: 0px; overflow: hidden; line-height: 0;\" data-mce-type=\"bookmark\" class=\"mce_SELRES_start\">\ufeff<\/span><\/iframe><\/p>\n<p><img loading=\"lazy\" decoding=\"async\" class=\"alignnone size-full wp-image-56\" src=\"http:\/\/www.encontroalumni.uevora.pt\/2018\/wp-content\/uploads\/sites\/5\/2019\/02\/banner_pagina_principal.jpg\" alt=\"\" width=\"968\" height=\"352\" srcset=\"https:\/\/www.encontroalumni.uevora.pt\/2018\/wp-content\/uploads\/sites\/5\/2019\/02\/banner_pagina_principal.jpg 968w, https:\/\/www.encontroalumni.uevora.pt\/2018\/wp-content\/uploads\/sites\/5\/2019\/02\/banner_pagina_principal-300x109.jpg 300w, https:\/\/www.encontroalumni.uevora.pt\/2018\/wp-content\/uploads\/sites\/5\/2019\/02\/banner_pagina_principal-768x279.jpg 768w, https:\/\/www.encontroalumni.uevora.pt\/2018\/wp-content\/uploads\/sites\/5\/2019\/02\/banner_pagina_principal-644x234.jpg 644w\" sizes=\"auto, (max-width: 968px) 100vw, 968px\" \/><\/p>\n","protected":false},"excerpt":{"rendered":"<p>A Universidade de \u00c9vora organiza, dia 03 de mar\u00e7o de 2018, o primeiro encontro alumni anual. Com o mote \u201creviver hist\u00f3rias&#8230; construir o futuro\u201d pretende-se trazer de volta \u00e0 Universidade a comunidade alumni, criando um momento de reencontro e inspira\u00e7\u00e3o para refor\u00e7ar o esp\u00edrito \u201cU\u00c9vora para a vida\u201d. Ser\u00e1 uma primeira grande oportunidade para revisitar&#8230;<\/p>\n","protected":false},"author":5,"featured_media":0,"parent":0,"menu_order":0,"comment_status":"closed","ping_status":"closed","template":"","meta":{"footnotes":""},"class_list":["post-17","page","type-page","status-publish","hentry"],"_links":{"self":[{"href":"https:\/\/www.encontroalumni.uevora.pt\/2018\/wp-json\/wp\/v2\/pages\/17","targetHints":{"allow":["GET"]}}],"collection":[{"href":"https:\/\/www.encontroalumni.uevora.pt\/2018\/wp-json\/wp\/v2\/pages"}],"about":[{"href":"https:\/\/www.encontroalumni.uevora.pt\/2018\/wp-json\/wp\/v2\/types\/page"}],"author":[{"embeddable":true,"href":"https:\/\/www.encontroalumni.uevora.pt\/2018\/wp-json\/wp\/v2\/users\/5"}],"replies":[{"embeddable":true,"href":"https:\/\/www.encontroalumni.uevora.pt\/2018\/wp-json\/wp\/v2\/comments?post=17"}],"version-history":[{"count":2,"href":"https:\/\/www.encontroalumni.uevora.pt\/2018\/wp-json\/wp\/v2\/pages\/17\/revisions"}],"predecessor-version":[{"id":242,"href":"https:\/\/www.encontroalumni.uevora.pt\/2018\/wp-json\/wp\/v2\/pages\/17\/revisions\/242"}],"wp:attachment":[{"href":"https:\/\/www.encontroalumni.uevora.pt\/2018\/wp-json\/wp\/v2\/media?parent=17"}],"curies":[{"name":"wp","href":"https:\/\/api.w.org\/{rel}","templated":true}]}}