{"id":167,"date":"2019-02-08T17:52:29","date_gmt":"2019-02-08T17:52:29","guid":{"rendered":"http:\/\/www.encontroalumni.uevora.pt\/2018\/?page_id=167"},"modified":"2019-02-08T21:02:48","modified_gmt":"2019-02-08T21:02:48","slug":"alojamento","status":"publish","type":"page","link":"https:\/\/www.encontroalumni.uevora.pt\/2018\/alojamento\/","title":{"rendered":"Alojamento"},"content":{"rendered":"<table>\n<tbody>\n<tr>\n<td>\u00a0<img loading=\"lazy\" decoding=\"async\" class=\"alignnone wp-image-35 size-medium\" src=\"http:\/\/www.encontroalumni.uevora.pt\/2018\/wp-content\/uploads\/sites\/5\/2019\/02\/alojamento1_Evora_Hotel-300x125.png\" alt=\"\" width=\"300\" height=\"125\" srcset=\"https:\/\/www.encontroalumni.uevora.pt\/2018\/wp-content\/uploads\/sites\/5\/2019\/02\/alojamento1_Evora_Hotel-300x125.png 300w, https:\/\/www.encontroalumni.uevora.pt\/2018\/wp-content\/uploads\/sites\/5\/2019\/02\/alojamento1_Evora_Hotel.png 325w\" sizes=\"auto, (max-width: 300px) 100vw, 300px\" \/><\/td>\n<td><strong>\u00c9vora Hotel<\/strong><br \/>\nQuarto duplo\/twin- <strong>65.00 \u20ac<\/strong><br \/>\nQuarto single- <strong>60.00 \u20ac<\/strong><\/td>\n<\/tr>\n<tr>\n<td>\u00a0<img loading=\"lazy\" decoding=\"async\" class=\"alignnone wp-image-41 size-full\" src=\"http:\/\/www.encontroalumni.uevora.pt\/2018\/wp-content\/uploads\/sites\/5\/2019\/02\/alojamento3_Vitoria_Stone_Hotel.gif\" alt=\"\" width=\"250\" height=\"109\" \/><\/td>\n<td><strong>Vit\u00f3ria Stone Hotel<\/strong><br \/>\nSingle &#8211; <strong>63,00 \u20ac<\/strong><br \/>\nDuplo \/ Twin &#8211; <strong>76,50 \u20ac<\/strong><br \/>\nSuite &#8211; <strong>122,40 \u20ac<\/strong><\/td>\n<\/tr>\n<tr>\n<td><img loading=\"lazy\" decoding=\"async\" class=\"alignnone wp-image-38 size-medium\" src=\"http:\/\/www.encontroalumni.uevora.pt\/2018\/wp-content\/uploads\/sites\/5\/2019\/02\/alojamento2_Ecorkhotel-300x93.jpg\" alt=\"\" width=\"300\" height=\"93\" srcset=\"https:\/\/www.encontroalumni.uevora.pt\/2018\/wp-content\/uploads\/sites\/5\/2019\/02\/alojamento2_Ecorkhotel-300x93.jpg 300w, https:\/\/www.encontroalumni.uevora.pt\/2018\/wp-content\/uploads\/sites\/5\/2019\/02\/alojamento2_Ecorkhotel-768x238.jpg 768w, https:\/\/www.encontroalumni.uevora.pt\/2018\/wp-content\/uploads\/sites\/5\/2019\/02\/alojamento2_Ecorkhotel-644x199.jpg 644w, https:\/\/www.encontroalumni.uevora.pt\/2018\/wp-content\/uploads\/sites\/5\/2019\/02\/alojamento2_Ecorkhotel.jpg 1833w\" sizes=\"auto, (max-width: 300px) 100vw, 300px\" \/><\/td>\n<td><strong>Ecorkhotel<\/strong><br \/>\nOcupa\u00e7\u00e3o individual &#8211; <strong>75,00 \u20ac<\/strong><br \/>\nOcupa\u00e7\u00e3o dupla &#8211; <strong>85,00 \u20ac<\/strong><br \/>\nCama extra( 4-12 anos) &#8211; <strong>30,00 \u20ac<\/strong><br \/>\nCama extra adulto &#8211; <strong>45,00 \u20ac<\/strong><br \/>\nMeia pens\u00e3o por pessoa &#8211; <strong>20,00 \u20ac com \u00e1gua e caf\u00e9 inclu\u00eddo<\/strong><\/td>\n<\/tr>\n<tr>\n<td><img loading=\"lazy\" decoding=\"async\" class=\"alignnone wp-image-44 size-medium\" src=\"http:\/\/www.encontroalumni.uevora.pt\/2018\/wp-content\/uploads\/sites\/5\/2019\/02\/alojamento4_moov_hotel-300x175.jpg\" alt=\"\" width=\"300\" height=\"175\" srcset=\"https:\/\/www.encontroalumni.uevora.pt\/2018\/wp-content\/uploads\/sites\/5\/2019\/02\/alojamento4_moov_hotel-300x175.jpg 300w, https:\/\/www.encontroalumni.uevora.pt\/2018\/wp-content\/uploads\/sites\/5\/2019\/02\/alojamento4_moov_hotel.jpg 417w\" sizes=\"auto, (max-width: 300px) 100vw, 300px\" \/><\/td>\n<td><strong>Moov Hotel <\/strong><br \/>\nDuplos (com cama de casal) &#8211; <strong>38,00\u20ac<\/strong><br \/>\nTwin (com duas camas individuais juntas) &#8211; <strong>38,00\u20ac<\/strong><br \/>\nSingle &#8211; <strong>38,00\u20ac<\/strong><br \/>\n<strong>Pequeno-almo\u00e7o tem um custo adicional de 7,50\u20ac por pessoa e por dia<\/strong><\/td>\n<\/tr>\n<\/tbody>\n<\/table>\n<p><strong>ATEN\u00c7\u00c3O<\/strong><\/p>\n<ul>\n<li><strong>Os valores apresentados s\u00e3o por quarto e noite, com pequeno almo\u00e7o inclu\u00eddo<\/strong><\/li>\n<li><strong>O contacto para reservas dever\u00e1 realizar-se diretamente com os hot\u00e9is, mediante disponibilidade, e poder\u00e1 ser solicitado comprovativo de inscri\u00e7\u00e3o no evento<\/strong><\/li>\n<li><strong>O pagamento ser\u00e1 efetuado diretamente pelo inscrito mediante o acordado<\/strong><\/li>\n<\/ul>\n","protected":false},"excerpt":{"rendered":"<p>\u00a0 \u00c9vora Hotel Quarto duplo\/twin- 65.00 \u20ac Quarto single- 60.00 \u20ac \u00a0 Vit\u00f3ria Stone Hotel Single &#8211; 63,00 \u20ac Duplo \/ Twin &#8211; 76,50 \u20ac Suite &#8211; 122,40 \u20ac Ecorkhotel Ocupa\u00e7\u00e3o individual &#8211; 75,00 \u20ac Ocupa\u00e7\u00e3o dupla &#8211; 85,00 \u20ac Cama extra( 4-12 anos) &#8211; 30,00 \u20ac Cama extra adulto &#8211; 45,00 \u20ac Meia pens\u00e3o&#8230;<\/p>\n","protected":false},"author":5,"featured_media":0,"parent":0,"menu_order":0,"comment_status":"closed","ping_status":"closed","template":"","meta":{"footnotes":""},"class_list":["post-167","page","type-page","status-publish","hentry"],"_links":{"self":[{"href":"https:\/\/www.encontroalumni.uevora.pt\/2018\/wp-json\/wp\/v2\/pages\/167","targetHints":{"allow":["GET"]}}],"collection":[{"href":"https:\/\/www.encontroalumni.uevora.pt\/2018\/wp-json\/wp\/v2\/pages"}],"about":[{"href":"https:\/\/www.encontroalumni.uevora.pt\/2018\/wp-json\/wp\/v2\/types\/page"}],"author":[{"embeddable":true,"href":"https:\/\/www.encontroalumni.uevora.pt\/2018\/wp-json\/wp\/v2\/users\/5"}],"replies":[{"embeddable":true,"href":"https:\/\/www.encontroalumni.uevora.pt\/2018\/wp-json\/wp\/v2\/comments?post=167"}],"version-history":[{"count":4,"href":"https:\/\/www.encontroalumni.uevora.pt\/2018\/wp-json\/wp\/v2\/pages\/167\/revisions"}],"predecessor-version":[{"id":281,"href":"https:\/\/www.encontroalumni.uevora.pt\/2018\/wp-json\/wp\/v2\/pages\/167\/revisions\/281"}],"wp:attachment":[{"href":"https:\/\/www.encontroalumni.uevora.pt\/2018\/wp-json\/wp\/v2\/media?parent=167"}],"curies":[{"name":"wp","href":"https:\/\/api.w.org\/{rel}","templated":true}]}}